{"id":1126,"date":"2023-06-08T07:59:44","date_gmt":"2023-06-08T05:59:44","guid":{"rendered":"https:\/\/nuuksioexp.devnettisivu.net\/aktiviteetit-nuuksio\/"},"modified":"2023-06-12T09:30:01","modified_gmt":"2023-06-12T07:30:01","slug":"activities-in-finnish-nature","status":"publish","type":"page","link":"https:\/\/nuuksioexperience.fi\/en\/activities-in-finnish-nature\/","title":{"rendered":"Activities"},"content":{"rendered":"<p>[et_pb_section fb_built=&#8221;1&#8243; _builder_version=&#8221;4.21.0&#8243; use_background_color_gradient=&#8221;on&#8221; background_color_gradient_stops=&#8221;rgba(43,43,43,0.5) 0%|rgba(48,48,48,0.66) 100%&#8221; background_color_gradient_overlays_image=&#8221;on&#8221; background_color_gradient_start=&#8221;rgba(43,43,43,0.5)&#8221; background_color_gradient_end=&#8221;rgba(48,48,48,0.66)&#8221; background_image=&#8221;https:\/\/nuuksioexperience.fi\/wp-content\/uploads\/2023\/06\/Kaitsu0027.jpg&#8221; parallax=&#8221;on&#8221; custom_padding=&#8221;128px||86px||false|&#8221; global_colors_info=&#8221;{}&#8221;][et_pb_row _builder_version=&#8221;4.16&#8243; custom_padding=&#8221;||0px|||&#8221; global_colors_info=&#8221;{}&#8221;][et_pb_column type=&#8221;4_4&#8243; _builder_version=&#8221;4.16&#8243; global_colors_info=&#8221;{}&#8221;][et_pb_text _builder_version=&#8221;4.21.0&#8243; custom_margin=&#8221;||12px|||&#8221; hover_enabled=&#8221;0&#8243; global_colors_info=&#8221;{}&#8221; sticky_enabled=&#8221;0&#8243;]<\/p>\n<h1 style=\"text-align: center;\">Activities In Nature<\/h1>\n<p>[\/et_pb_text][\/et_pb_column][\/et_pb_row][\/et_pb_section][et_pb_section fb_built=&#8221;1&#8243; _builder_version=&#8221;4.16&#8243; custom_padding=&#8221;22px|||||&#8221; locked=&#8221;off&#8221; global_colors_info=&#8221;{}&#8221;][et_pb_row _builder_version=&#8221;4.19.0&#8243; global_colors_info=&#8221;{}&#8221;][et_pb_column type=&#8221;4_4&#8243; _builder_version=&#8221;4.16&#8243; global_colors_info=&#8221;{}&#8221;][et_pb_text _builder_version=&#8221;4.21.0&#8243; _module_preset=&#8221;default&#8221; header_2_text_align=&#8221;left&#8221; header_3_text_align=&#8221;left&#8221; hover_enabled=&#8221;0&#8243; global_colors_info=&#8221;{}&#8221; sticky_enabled=&#8221;0&#8243;]<\/p>\n<h2><span>Discover Nuuksio &#8211; Find a Program for Every Taste with Us!<\/span><\/h2>\n<div class=\"et_pb_module et_pb_text et_pb_text_0  et_pb_text_align_left et_pb_bg_layout_light\">\n<div class=\"et_pb_text_inner\">\n<div class=\"group w-full text-gray-800 dark:text-gray-100 border-b border-black\/10 dark:border-gray-900\/50 bg-gray-50 dark:bg-[#444654]\">\n<div class=\"flex p-4 gap-4 text-base md:gap-6 md:max-w-2xl lg:max-w-[38rem] xl:max-w-3xl md:py-6 lg:px-0 m-auto\">\n<div class=\"relative flex w-[calc(100%-50px)] flex-col gap-1 md:gap-3 lg:w-[calc(100%-115px)]\">\n<div class=\"flex flex-grow flex-col gap-3\">\n<div class=\"min-h-[20px] flex flex-col items-start gap-4 whitespace-pre-wrap break-words\">\n<div class=\"markdown prose w-full break-words dark:prose-invert light\">\n<p>By clicking the button, you can explore our service options. If you can&#8217;t find a suitable one among them, feel free to make a suggestion, and we will organize an experience tailored exactly to your preferences.<\/p>\n<\/div>\n<\/div>\n<\/div>\n<\/div>\n<\/div>\n<\/div>\n<\/div>\n<\/div>\n<p>[\/et_pb_text][et_pb_blog post_type=&#8221;ohjelmapalvelut&#8221; posts_number=&#8221;15&#8243; meta_date=&#8221;j.n.Y&#8221; excerpt_length=&#8221;90&#8243; show_date=&#8221;off&#8221; _builder_version=&#8221;4.21.0&#8243; _module_preset=&#8221;default&#8221; global_colors_info=&#8221;{}&#8221;][\/et_pb_blog][\/et_pb_column][\/et_pb_row][\/et_pb_section]<\/p>\n","protected":false},"excerpt":{"rendered":"<p>Activities In NatureDiscover Nuuksio &#8211; Find a Program for Every Taste with Us! By clicking the button, you can explore our service options. If you can&#8217;t find a suitable one among them, feel free to make a suggestion, and we will organize an experience tailored exactly to your preferences.<\/p>\n","protected":false},"author":2,"featured_media":1104,"parent":0,"menu_order":0,"comment_status":"closed","ping_status":"closed","template":"","meta":{"_et_pb_use_builder":"on","_et_pb_old_content":"<!-- wp:image {\"id\":959,\"sizeSlug\":\"full\",\"linkDestination\":\"none\"} -->\n<figure class=\"wp-block-image size-full\"><img src=\"https:\/\/nuuksioexperience.fi\/wp-content\/uploads\/2023\/06\/Melojat-Nuuksion-Lammella-1200px-Lautta-1024x433-1.jpg\" alt=\"\" class=\"wp-image-959\"\/><\/figure>\n<!-- \/wp:image -->\n\n<!-- wp:paragraph -->\n<p>Teemme melontaretki\u00e4 avokanooteilla ymp\u00e4ri Etel\u00e4-Suomea \u2013 p\u00e4\u00e4asiassa Nuuksion J\u00e4rviyl\u00e4nk\u00f6alueella.<\/p>\n<!-- \/wp:paragraph -->\n\n<!-- wp:paragraph -->\n<p>Tarjoamme 30 vuoden kokemuksella useita paikkoja melontaan Nuuksion j\u00e4rviyl\u00e4nk\u00f6alueella.<\/p>\n<!-- \/wp:paragraph -->\n\n<!-- wp:paragraph -->\n<p>Kohteiden saavutettavuus on useimmin julkisilla kuljetusv\u00e4lineill\u00e4 ( bussi). Yhteen el\u00e4mykselliseen paikkaan p\u00e4\u00e4see my\u00f6s Nuuksio Hostel and Campingin paikasta 3km k\u00e4velyll\u00e4 l\u00e4pi Nuuksion kansallispuiston. Opas voi kertoa tarinoita matkan aikana luonnosta ja kansallispuistosta.<\/p>\n<!-- \/wp:paragraph -->\n\n<!-- wp:paragraph -->\n<p>Hinta: alkaen 35\u20ac\/ hl\u00f6 \/minimi 5hl\u00f6\u00e4.<\/p>\n<!-- \/wp:paragraph -->\n\n<!-- wp:paragraph -->\n<p>Hinta sis\u00e4lt\u00e4\u00e4 melontaoppaan, melonta v\u00e4lineet, vedenpit\u00e4v\u00e4n vaihtovaatepussin.<\/p>\n<!-- \/wp:paragraph -->\n\n<!-- wp:paragraph -->\n<p>Voit my\u00f6s vuokrata kanootin \u2013 kysy hintaa!<\/p>\n<!-- \/wp:paragraph -->\n\n<!-- wp:paragraph -->\n<p>Lis\u00e4hinnasta Maasto-opas 200\u20ac, sn\u00e4ck tai nuotioruokailu, pohjaonginta my\u00f6skin mahdollista<\/p>\n<!-- \/wp:paragraph -->\n\n<!-- wp:image {\"id\":875,\"sizeSlug\":\"full\",\"linkDestination\":\"none\"} -->\n<figure class=\"wp-block-image size-full\"><img src=\"https:\/\/nuuksioexperience.fi\/wp-content\/uploads\/2023\/06\/Asiakasmelonta-e1610544450279-1-e1686143217180.jpg\" alt=\"\" class=\"wp-image-875\"\/><figcaption class=\"wp-element-caption\">Melonnan riemua Nuuksion lammella<\/figcaption><\/figure>\n<!-- \/wp:image -->\n\n<!-- wp:image {\"align\":\"center\",\"id\":821,\"sizeSlug\":\"full\",\"linkDestination\":\"none\"} -->\n<figure class=\"wp-block-image aligncenter size-full\"><img src=\"https:\/\/nuuksioexperience.fi\/wp-content\/uploads\/2023\/06\/Kaitsu0020.jpg\" alt=\"\" class=\"wp-image-821\"\/><figcaption class=\"wp-element-caption\">Kanoottiretkiin voidaan yhdist\u00e4\u00e4 maukas retkiateria luonnonhelmassa<\/figcaption><\/figure>\n<!-- \/wp:image -->","_et_gb_content_width":"","footnotes":""},"class_list":["post-1126","page","type-page","status-publish","has-post-thumbnail","hentry"],"_links":{"self":[{"href":"https:\/\/nuuksioexperience.fi\/en\/wp-json\/wp\/v2\/pages\/1126","targetHints":{"allow":["GET"]}}],"collection":[{"href":"https:\/\/nuuksioexperience.fi\/en\/wp-json\/wp\/v2\/pages"}],"about":[{"href":"https:\/\/nuuksioexperience.fi\/en\/wp-json\/wp\/v2\/types\/page"}],"author":[{"embeddable":true,"href":"https:\/\/nuuksioexperience.fi\/en\/wp-json\/wp\/v2\/users\/2"}],"replies":[{"embeddable":true,"href":"https:\/\/nuuksioexperience.fi\/en\/wp-json\/wp\/v2\/comments?post=1126"}],"version-history":[{"count":3,"href":"https:\/\/nuuksioexperience.fi\/en\/wp-json\/wp\/v2\/pages\/1126\/revisions"}],"predecessor-version":[{"id":1184,"href":"https:\/\/nuuksioexperience.fi\/en\/wp-json\/wp\/v2\/pages\/1126\/revisions\/1184"}],"wp:featuredmedia":[{"embeddable":true,"href":"https:\/\/nuuksioexperience.fi\/en\/wp-json\/wp\/v2\/media\/1104"}],"wp:attachment":[{"href":"https:\/\/nuuksioexperience.fi\/en\/wp-json\/wp\/v2\/media?parent=1126"}],"curies":[{"name":"wp","href":"https:\/\/api.w.org\/{rel}","templated":true}]}}